{"id":55,"date":"2022-08-20T02:14:01","date_gmt":"2022-08-20T02:14:01","guid":{"rendered":"https:\/\/net.cohaso.com.mx\/?page_id=55"},"modified":"2023-04-14T02:51:55","modified_gmt":"2023-04-14T02:51:55","slug":"contacto","status":"publish","type":"page","link":"https:\/\/net.cohaso.com.mx\/index.php\/contacto\/","title":{"rendered":"Contacto"},"content":{"rendered":"\n<p class=\"has-text-align-center\"><strong>\u00bfTe podemos ayudar en algo? <\/strong><\/p>\n\n\n\n<p><\/p>\n\n\n\n<p class=\"has-text-align-center\">Comun\u00edcate con nosotros:<\/p>\n\n\n\n<figure class=\"wp-block-table aligncenter is-style-stripes\"><table><tbody><tr><td><img decoding=\"async\" width=\"70\" height=\"70\" class=\"wp-image-104\" style=\"width: 70px;\" src=\"https:\/\/net.cohaso.com.mx\/wp-content\/uploads\/2022\/08\/waaa.png\" alt=\"\" srcset=\"https:\/\/net.cohaso.com.mx\/wp-content\/uploads\/2022\/08\/waaa.png 512w, https:\/\/net.cohaso.com.mx\/wp-content\/uploads\/2022\/08\/waaa-300x300.png 300w, https:\/\/net.cohaso.com.mx\/wp-content\/uploads\/2022\/08\/waaa-150x150.png 150w, https:\/\/net.cohaso.com.mx\/wp-content\/uploads\/2022\/08\/waaa-100x100.png 100w\" sizes=\"(max-width: 70px) 100vw, 70px\" \/><\/td><td>492 127 1637\u00a0<\/td><\/tr><tr><td><img decoding=\"async\" width=\"70\" height=\"70\" class=\"wp-image-280\" style=\"width: 70px;\" src=\"https:\/\/net.cohaso.com.mx\/wp-content\/uploads\/2023\/04\/mail.png\" alt=\"\" srcset=\"https:\/\/net.cohaso.com.mx\/wp-content\/uploads\/2023\/04\/mail.png 512w, https:\/\/net.cohaso.com.mx\/wp-content\/uploads\/2023\/04\/mail-300x300.png 300w, https:\/\/net.cohaso.com.mx\/wp-content\/uploads\/2023\/04\/mail-150x150.png 150w, https:\/\/net.cohaso.com.mx\/wp-content\/uploads\/2023\/04\/mail-100x100.png 100w\" sizes=\"(max-width: 70px) 100vw, 70px\" \/><\/td><td>contacto@net.cohaso.com.mx<\/td><\/tr><\/tbody><\/table><\/figure>\n\n\n\n<p class=\"has-text-align-center\"><\/p>\n\n\n\n<p><\/p>\n\n\n\n<p><\/p>\n\n\n\n<p><\/p>\n\n\n\n<p class=\"has-text-align-center\">O d\u00e9janos tus datos.<\/p>\n\n\n\n<figure class=\"wp-block-table aligncenter\"><table><tbody><tr><td>\n<div class=\"wpcf7 no-js\" id=\"wpcf7-f117-o1\" lang=\"es-ES\" dir=\"ltr\">\n<div class=\"screen-reader-response\"><p role=\"status\" aria-live=\"polite\" aria-atomic=\"true\"><\/p> <ul><\/ul><\/div>\n<form action=\"\/index.php\/wp-json\/wp\/v2\/pages\/55#wpcf7-f117-o1\" method=\"post\" class=\"wpcf7-form init\" aria-label=\"Formulario de contacto\" novalidate=\"novalidate\" data-status=\"init\">\n<div style=\"display: none;\">\n<input type=\"hidden\" name=\"_wpcf7\" value=\"117\" \/>\n<input type=\"hidden\" name=\"_wpcf7_version\" value=\"5.7.5.1\" \/>\n<input type=\"hidden\" name=\"_wpcf7_locale\" value=\"es_ES\" \/>\n<input type=\"hidden\" name=\"_wpcf7_unit_tag\" value=\"wpcf7-f117-o1\" \/>\n<input type=\"hidden\" name=\"_wpcf7_container_post\" value=\"0\" \/>\n<input type=\"hidden\" name=\"_wpcf7_posted_data_hash\" value=\"\" \/>\n<\/div>\n<p><label> Nombre<br \/>\n<span class=\"wpcf7-form-control-wrap\" data-name=\"your-name\"><input size=\"40\" class=\"wpcf7-form-control wpcf7-text wpcf7-validates-as-required\" aria-required=\"true\" aria-invalid=\"false\" value=\"\" type=\"text\" name=\"your-name\" \/><\/span> <\/label>\n<\/p>\n<p><label> Correo electr\u00f3nico<br \/>\n<span class=\"wpcf7-form-control-wrap\" data-name=\"your-email\"><input size=\"40\" class=\"wpcf7-form-control wpcf7-text wpcf7-email wpcf7-validates-as-required wpcf7-validates-as-email\" aria-required=\"true\" aria-invalid=\"false\" value=\"\" type=\"email\" name=\"your-email\" \/><\/span> <\/label>\n<\/p>\n<p><label> Asunto<br \/>\n<span class=\"wpcf7-form-control-wrap\" data-name=\"your-subject\"><input size=\"40\" class=\"wpcf7-form-control wpcf7-text wpcf7-validates-as-required\" aria-required=\"true\" aria-invalid=\"false\" value=\"\" type=\"text\" name=\"your-subject\" \/><\/span> <\/label>\n<\/p>\n<p><label> Tu mensaje (opcional)<br \/>\n<span class=\"wpcf7-form-control-wrap\" data-name=\"your-message\"><textarea cols=\"40\" rows=\"10\" class=\"wpcf7-form-control wpcf7-textarea\" aria-invalid=\"false\" name=\"your-message\"><\/textarea><\/span> <\/label>\n<\/p>\n<p><input class=\"wpcf7-form-control has-spinner wpcf7-submit\" type=\"submit\" value=\"Enviar\" \/>\n<\/p><div class=\"wpcf7-response-output\" aria-hidden=\"true\"><\/div>\n<\/form>\n<\/div>\n<\/td><\/tr><\/tbody><\/table><\/figure>\n\n\n<h5>\n<style>\/*! elementor - v3.7.1 - 14-08-2022 *\/<br \/>\n.elementor-heading-title{padding:0;margin:0;line-height:1}.elementor-widget-heading .elementor-heading-title[class*=elementor-size-]>a{color:inherit;font-size:inherit;line-height:inherit}.elementor-widget-heading .elementor-heading-title.elementor-size-small{font-size:15px}.elementor-widget-heading .elementor-heading-title.elementor-size-medium{font-size:19px}.elementor-widget-heading .elementor-heading-title.elementor-size-large{font-size:29px}.elementor-widget-heading .elementor-heading-title.elementor-size-xl{font-size:39px}.elementor-widget-heading .elementor-heading-title.elementor-size-xxl{font-size:59px}<\/style>\n<\/h5>\n<h3 style=\"text-align: center;\">O mejor a\u00fan, vis\u00edtanos<\/h3>\n\n\n<iframe src=\"https:\/\/www.google.com\/maps\/embed?pb=!1m14!1m12!1m3!1d918.559722169416!2d-102.70096212507404!3d22.941427662745937!2m3!1f0!2f0!3f0!3m2!1i1024!2i768!4f13.1!5e0!3m2!1ses!2smx!4v1661301304845!5m2!1ses!2smx\" width=\"600\" height=\"450\" style=\"border:0;\" allowfullscreen=\"\" loading=\"lazy\" referrerpolicy=\"no-referrer-when-downgrade\"><\/iframe>\n\n\n<p><style>\/*! elementor - v3.7.1 - 14-08-2022 *\/<br \/>\n.elementor-heading-title{padding:0;margin:0;line-height:1}.elementor-widget-heading .elementor-heading-title[class*=elementor-size-]>a{color:inherit;font-size:inherit;line-height:inherit}.elementor-widget-heading .elementor-heading-title.elementor-size-small{font-size:15px}.elementor-widget-heading .elementor-heading-title.elementor-size-medium{font-size:19px}.elementor-widget-heading .elementor-heading-title.elementor-size-large{font-size:29px}.elementor-widget-heading .elementor-heading-title.elementor-size-xl{font-size:39px}.elementor-widget-heading .elementor-heading-title.elementor-size-xxl{font-size:59px}<\/style>\n<\/p>\n<p style=\"text-align: center;\">Calle Guatemala 402, Colonia Francisco I. Madero, Calera, Zacatecas. C.P. 98500<\/p>\n<p style=\"text-align: center;\">Horarios: Lunes a Viernes 9:00 &#8211; 18:00, S\u00e1bado 9:00 &#8211; 14:00, Domingo cerrado.<\/p>\n<p style=\"text-align: center;\"><\/p>","protected":false},"excerpt":{"rendered":"<p>\u00bfTe podemos ayudar en algo? Comun\u00edcate con nosotros: 492 127 1637\u00a0 contacto@net.cohaso.com.mx O d\u00e9janos tus datos. O mejor a\u00fan, vis\u00edtanos Calle Guatemala 402, Colonia Francisco I. Madero, Calera, Zacatecas. C.P. 98500 Horarios: Lunes a Viernes 9:00 &#8211; 18:00, S\u00e1bado 9:00 &#8211; 14:00, Domingo cerrado.<\/p>\n","protected":false},"author":1,"featured_media":0,"parent":0,"menu_order":0,"comment_status":"closed","ping_status":"closed","template":"","meta":{"footnotes":""},"class_list":["post-55","page","type-page","status-publish","hentry"],"_links":{"self":[{"href":"https:\/\/net.cohaso.com.mx\/index.php\/wp-json\/wp\/v2\/pages\/55","targetHints":{"allow":["GET"]}}],"collection":[{"href":"https:\/\/net.cohaso.com.mx\/index.php\/wp-json\/wp\/v2\/pages"}],"about":[{"href":"https:\/\/net.cohaso.com.mx\/index.php\/wp-json\/wp\/v2\/types\/page"}],"author":[{"embeddable":true,"href":"https:\/\/net.cohaso.com.mx\/index.php\/wp-json\/wp\/v2\/users\/1"}],"replies":[{"embeddable":true,"href":"https:\/\/net.cohaso.com.mx\/index.php\/wp-json\/wp\/v2\/comments?post=55"}],"version-history":[{"count":24,"href":"https:\/\/net.cohaso.com.mx\/index.php\/wp-json\/wp\/v2\/pages\/55\/revisions"}],"predecessor-version":[{"id":281,"href":"https:\/\/net.cohaso.com.mx\/index.php\/wp-json\/wp\/v2\/pages\/55\/revisions\/281"}],"wp:attachment":[{"href":"https:\/\/net.cohaso.com.mx\/index.php\/wp-json\/wp\/v2\/media?parent=55"}],"curies":[{"name":"wp","href":"https:\/\/api.w.org\/{rel}","templated":true}]}}