{"id":122,"date":"2022-08-24T03:44:00","date_gmt":"2022-08-24T03:44:00","guid":{"rendered":"https:\/\/net.cohaso.com.mx\/?page_id=122"},"modified":"2022-08-30T01:31:55","modified_gmt":"2022-08-30T01:31:55","slug":"zonas-de-servicio","status":"publish","type":"page","link":"https:\/\/net.cohaso.com.mx\/index.php\/zonas-de-servicio\/","title":{"rendered":"Zonas de Servicio"},"content":{"rendered":"\n<p class=\"has-text-align-center\">Municipio de Calera de V\u00edctor Rosales, Zacatecas, M\u00e9xico.<\/p>\n\n\n\n<figure class=\"wp-block-gallery has-nested-images columns-default is-cropped wp-block-gallery-1 is-layout-flex wp-block-gallery-is-layout-flex\">\n<figure class=\"wp-block-image size-large is-style-default\"><img fetchpriority=\"high\" decoding=\"async\" width=\"1024\" height=\"590\" data-id=\"204\" src=\"https:\/\/net.cohaso.com.mx\/wp-content\/uploads\/2022\/08\/mapacober.fw_-1-1024x590.png\" alt=\"\" class=\"wp-image-204\" srcset=\"https:\/\/net.cohaso.com.mx\/wp-content\/uploads\/2022\/08\/mapacober.fw_-1-1024x590.png 1024w, https:\/\/net.cohaso.com.mx\/wp-content\/uploads\/2022\/08\/mapacober.fw_-1-300x173.png 300w, https:\/\/net.cohaso.com.mx\/wp-content\/uploads\/2022\/08\/mapacober.fw_-1-768x442.png 768w, https:\/\/net.cohaso.com.mx\/wp-content\/uploads\/2022\/08\/mapacober.fw_-1.png 1186w\" sizes=\"(max-width: 767px) 89vw, (max-width: 1000px) 54vw, (max-width: 1071px) 543px, 580px\" \/><\/figure>\n<\/figure>\n\n\n\n<p class=\"has-text-align-center\">Zona verde con cobertura Activa<\/p>\n\n\n\n<p class=\"has-text-align-center\">Zona roja Pr\u00f3ximamente<\/p>\n","protected":false},"excerpt":{"rendered":"<p>Municipio de Calera de V\u00edctor Rosales, Zacatecas, M\u00e9xico. Zona verde con cobertura Activa Zona roja Pr\u00f3ximamente<\/p>\n","protected":false},"author":1,"featured_media":0,"parent":0,"menu_order":0,"comment_status":"closed","ping_status":"closed","template":"","meta":{"footnotes":""},"class_list":["post-122","page","type-page","status-publish","hentry"],"_links":{"self":[{"href":"https:\/\/net.cohaso.com.mx\/index.php\/wp-json\/wp\/v2\/pages\/122","targetHints":{"allow":["GET"]}}],"collection":[{"href":"https:\/\/net.cohaso.com.mx\/index.php\/wp-json\/wp\/v2\/pages"}],"about":[{"href":"https:\/\/net.cohaso.com.mx\/index.php\/wp-json\/wp\/v2\/types\/page"}],"author":[{"embeddable":true,"href":"https:\/\/net.cohaso.com.mx\/index.php\/wp-json\/wp\/v2\/users\/1"}],"replies":[{"embeddable":true,"href":"https:\/\/net.cohaso.com.mx\/index.php\/wp-json\/wp\/v2\/comments?post=122"}],"version-history":[{"count":6,"href":"https:\/\/net.cohaso.com.mx\/index.php\/wp-json\/wp\/v2\/pages\/122\/revisions"}],"predecessor-version":[{"id":207,"href":"https:\/\/net.cohaso.com.mx\/index.php\/wp-json\/wp\/v2\/pages\/122\/revisions\/207"}],"wp:attachment":[{"href":"https:\/\/net.cohaso.com.mx\/index.php\/wp-json\/wp\/v2\/media?parent=122"}],"curies":[{"name":"wp","href":"https:\/\/api.w.org\/{rel}","templated":true}]}}